{"id":24,"date":"2024-08-07T08:34:20","date_gmt":"2024-08-07T08:34:20","guid":{"rendered":"https:\/\/www.diagonalconsultingwb.com\/?page_id=24"},"modified":"2024-10-11T12:23:37","modified_gmt":"2024-10-11T10:23:37","slug":"compliance-corporativo","status":"publish","type":"page","link":"https:\/\/www.diagonalconsultingwb.com\/en\/compliance-corporativo\/","title":{"rendered":"Corporate Compliance"},"content":{"rendered":"<div data-elementor-type=\"wp-page\" data-elementor-id=\"24\" class=\"elementor elementor-24\" data-elementor-post-type=\"page\">\n\t\t\t\t\t\t<section class=\"elementor-section elementor-top-section elementor-element elementor-element-8f6f15a elementor-section-height-min-height elementor-section-items-stretch elementor-section-content-middle elementor-section-boxed elementor-section-height-default\" data-id=\"8f6f15a\" data-element_type=\"section\" data-settings=\"{&quot;background_background&quot;:&quot;classic&quot;}\">\n\t\t\t\t\t\t\t<div class=\"elementor-background-overlay\"><\/div>\n\t\t\t\t\t\t\t<div class=\"elementor-container elementor-column-gap-default\">\n\t\t\t\t\t<div class=\"elementor-column elementor-col-100 elementor-top-column elementor-element elementor-element-a7d5936\" data-id=\"a7d5936\" data-element_type=\"column\">\n\t\t\t<div class=\"elementor-widget-wrap elementor-element-populated\">\n\t\t\t\t\t\t<div class=\"elementor-element elementor-element-0b67cc4 elementor-invisible elementor-widget elementor-widget-heading\" data-id=\"0b67cc4\" data-element_type=\"widget\" data-settings=\"{&quot;_animation&quot;:&quot;fadeInDown&quot;}\" data-widget_type=\"heading.default\">\n\t\t\t\t<div class=\"elementor-widget-container\">\n\t\t\t<style>\/*! elementor - v3.23.0 - 05-08-2024 *\/\n.elementor-heading-title{padding:0;margin:0;line-height:1}.elementor-widget-heading .elementor-heading-title[class*=elementor-size-]>a{color:inherit;font-size:inherit;line-height:inherit}.elementor-widget-heading .elementor-heading-title.elementor-size-small{font-size:15px}.elementor-widget-heading .elementor-heading-title.elementor-size-medium{font-size:19px}.elementor-widget-heading .elementor-heading-title.elementor-size-large{font-size:29px}.elementor-widget-heading .elementor-heading-title.elementor-size-xl{font-size:39px}.elementor-widget-heading .elementor-heading-title.elementor-size-xxl{font-size:59px}<\/style><h1 class=\"elementor-heading-title elementor-size-default\">Corporate Compliance<\/h1>\t\t<\/div>\n\t\t\t\t<\/div>\n\t\t\t\t\t<\/div>\n\t\t<\/div>\n\t\t\t\t\t<\/div>\n\t\t<\/section>\n\t\t\t\t<section class=\"elementor-section elementor-top-section elementor-element elementor-element-c5be8ed elementor-reverse-mobile elementor-reverse-tablet elementor-section-boxed elementor-section-height-default elementor-section-height-default\" data-id=\"c5be8ed\" data-element_type=\"section\">\n\t\t\t\t\t\t<div class=\"elementor-container elementor-column-gap-default\">\n\t\t\t\t\t<div class=\"elementor-column elementor-col-50 elementor-top-column elementor-element elementor-element-2072b94 elementor-invisible\" data-id=\"2072b94\" data-element_type=\"column\" data-settings=\"{&quot;animation&quot;:&quot;fadeInDown&quot;}\">\n\t\t\t<div class=\"elementor-widget-wrap elementor-element-populated\">\n\t\t\t\t\t\t<div class=\"elementor-element elementor-element-8e4e3ad elementor-widget elementor-widget-image\" data-id=\"8e4e3ad\" data-element_type=\"widget\" data-widget_type=\"image.default\">\n\t\t\t\t<div class=\"elementor-widget-container\">\n\t\t\t\t\t\t\t\t\t\t\t\t\t<img fetchpriority=\"high\" decoding=\"async\" width=\"1920\" height=\"1080\" src=\"https:\/\/www.diagonalconsultingwb.com\/wp-content\/uploads\/2024\/09\/6-1.jpg\" class=\"attachment-full size-full wp-image-1894\" alt=\"\" srcset=\"https:\/\/www.diagonalconsultingwb.com\/wp-content\/uploads\/2024\/09\/6-1.jpg 1920w, https:\/\/www.diagonalconsultingwb.com\/wp-content\/uploads\/2024\/09\/6-1-300x169.jpg 300w, https:\/\/www.diagonalconsultingwb.com\/wp-content\/uploads\/2024\/09\/6-1-1024x576.jpg 1024w, https:\/\/www.diagonalconsultingwb.com\/wp-content\/uploads\/2024\/09\/6-1-768x432.jpg 768w, https:\/\/www.diagonalconsultingwb.com\/wp-content\/uploads\/2024\/09\/6-1-1536x864.jpg 1536w, https:\/\/www.diagonalconsultingwb.com\/wp-content\/uploads\/2024\/09\/6-1-18x10.jpg 18w\" sizes=\"(max-width: 1920px) 100vw, 1920px\" \/>\t\t\t\t\t\t\t\t\t\t\t\t\t<\/div>\n\t\t\t\t<\/div>\n\t\t\t\t\t<\/div>\n\t\t<\/div>\n\t\t\t\t<div class=\"elementor-column elementor-col-50 elementor-top-column elementor-element elementor-element-b496c43 elementor-invisible\" data-id=\"b496c43\" data-element_type=\"column\" data-settings=\"{&quot;animation&quot;:&quot;fadeInUp&quot;}\">\n\t\t\t<div class=\"elementor-widget-wrap elementor-element-populated\">\n\t\t\t\t\t\t<div class=\"elementor-element elementor-element-50103cd elementor-widget elementor-widget-heading\" data-id=\"50103cd\" data-element_type=\"widget\" data-widget_type=\"heading.default\">\n\t\t\t\t<div class=\"elementor-widget-container\">\n\t\t\t<h2 class=\"elementor-heading-title elementor-size-default\">Corporate Compliance\n\n\n\n<\/h2>\t\t<\/div>\n\t\t\t\t<\/div>\n\t\t\t\t<div class=\"elementor-element elementor-element-7686af2 elementor-widget elementor-widget-text-editor\" data-id=\"7686af2\" data-element_type=\"widget\" data-widget_type=\"text-editor.default\">\n\t\t\t\t<div class=\"elementor-widget-container\">\n\t\t\t<style>\/*! elementor - v3.23.0 - 05-08-2024 *\/\n.elementor-widget-text-editor.elementor-drop-cap-view-stacked .elementor-drop-cap{background-color:#69727d;color:#fff}.elementor-widget-text-editor.elementor-drop-cap-view-framed .elementor-drop-cap{color:#69727d;border:3px solid;background-color:transparent}.elementor-widget-text-editor:not(.elementor-drop-cap-view-default) .elementor-drop-cap{margin-top:8px}.elementor-widget-text-editor:not(.elementor-drop-cap-view-default) .elementor-drop-cap-letter{width:1em;height:1em}.elementor-widget-text-editor .elementor-drop-cap{float:left;text-align:center;line-height:1;font-size:50px}.elementor-widget-text-editor .elementor-drop-cap-letter{display:inline-block}<\/style>\t\t\t\t<p>In an increasingly complex regulatory environment, our corporate compliance consulting service is designed to help companies comply with legal and ethical regulations. We specialize in implementing compliance programs that mitigate risks, strengthen corporate responsibility and promote a culture of integrity. Our comprehensive approach ensures that your company is prepared to face legal challenges, protecting its reputation and guaranteeing its long-term sustainability.<\/p>\t\t\t\t\t\t<\/div>\n\t\t\t\t<\/div>\n\t\t\t\t\t<\/div>\n\t\t<\/div>\n\t\t\t\t\t<\/div>\n\t\t<\/section>\n\t\t<div class=\"elementor-element elementor-element-3dda75e e-flex e-con-boxed e-con e-child\" data-id=\"3dda75e\" data-element_type=\"container\" data-settings=\"{&quot;background_background&quot;:&quot;classic&quot;}\">\n\t\t\t\t\t<div class=\"e-con-inner\">\n\t\t<div class=\"elementor-element elementor-element-c73ba3e e-con-full e-flex e-con e-child\" data-id=\"c73ba3e\" data-element_type=\"container\">\n\t\t\t\t<div class=\"elementor-element elementor-element-506f7b5 elementor-widget elementor-widget-text-editor\" data-id=\"506f7b5\" data-element_type=\"widget\" data-widget_type=\"text-editor.default\">\n\t\t\t\t<div class=\"elementor-widget-container\">\n\t\t\t\t\t\t\t<p>Our service allows you to analyze risks and create or update your internal protocols in order to be protected against the risk of non-compliance with laws:<\/p><p style=\"padding-left: 40px;\">\u2981 <strong>Anti-corruption<\/strong><\/p><p style=\"padding-left: 40px;\"><strong>\u2981 Money Laundering and Financing of Terrorism<\/strong><\/p><p style=\"padding-left: 40px;\"><strong>\u2981 Data Protection Act<\/strong><\/p><p style=\"padding-left: 40px;\"><strong>\u2981 Equal Opportunities, Non-discrimination, Ethical Codes and Internal Reporting Policies.<\/strong><\/p><p>Corporate compliance encompasses compliance with multiple laws and regulations that vary by jurisdiction and sector, from anti-corruption regulations, data protection, to labor and environmental laws. Compliance not only avoids legal sanctions, but also improves the reputation and operational performance of the company, ensuring that it operates within an ethical and responsible framework.<\/p>\t\t\t\t\t\t<\/div>\n\t\t\t\t<\/div>\n\t\t\t\t<\/div>\n\t\t<div class=\"elementor-element elementor-element-5307cd5 e-con-full e-flex e-con e-child\" data-id=\"5307cd5\" data-element_type=\"container\">\n\t\t\t\t<div class=\"elementor-element elementor-element-2288e7b elementor-widget elementor-widget-image\" data-id=\"2288e7b\" data-element_type=\"widget\" data-widget_type=\"image.default\">\n\t\t\t\t<div class=\"elementor-widget-container\">\n\t\t\t\t\t\t\t\t\t\t\t\t\t<img decoding=\"async\" width=\"800\" height=\"450\" src=\"https:\/\/www.diagonalconsultingwb.com\/wp-content\/uploads\/2024\/09\/2-3-1024x576.jpg\" class=\"attachment-large size-large wp-image-1949\" alt=\"\" srcset=\"https:\/\/www.diagonalconsultingwb.com\/wp-content\/uploads\/2024\/09\/2-3-1024x576.jpg 1024w, https:\/\/www.diagonalconsultingwb.com\/wp-content\/uploads\/2024\/09\/2-3-300x169.jpg 300w, https:\/\/www.diagonalconsultingwb.com\/wp-content\/uploads\/2024\/09\/2-3-768x432.jpg 768w, https:\/\/www.diagonalconsultingwb.com\/wp-content\/uploads\/2024\/09\/2-3-1536x864.jpg 1536w, https:\/\/www.diagonalconsultingwb.com\/wp-content\/uploads\/2024\/09\/2-3-18x10.jpg 18w, https:\/\/www.diagonalconsultingwb.com\/wp-content\/uploads\/2024\/09\/2-3.jpg 1920w\" sizes=\"(max-width: 800px) 100vw, 800px\" \/>\t\t\t\t\t\t\t\t\t\t\t\t\t<\/div>\n\t\t\t\t<\/div>\n\t\t\t\t<\/div>\n\t\t\t\t\t<\/div>\n\t\t\t\t<\/div>\n\t\t\t\t<section class=\"elementor-section elementor-top-section elementor-element elementor-element-2fd22d1 elementor-section-full_width elementor-section-height-default elementor-section-height-default\" data-id=\"2fd22d1\" data-element_type=\"section\" data-settings=\"{&quot;background_background&quot;:&quot;classic&quot;}\">\n\t\t\t\t\t\t\t<div class=\"elementor-background-overlay\"><\/div>\n\t\t\t\t\t\t\t<div class=\"elementor-container elementor-column-gap-default\">\n\t\t\t\t\t<div class=\"elementor-column elementor-col-100 elementor-top-column elementor-element elementor-element-da28224\" data-id=\"da28224\" data-element_type=\"column\" data-settings=\"{&quot;background_background&quot;:&quot;classic&quot;}\">\n\t\t\t<div class=\"elementor-widget-wrap elementor-element-populated\">\n\t\t\t\t\t\t<section class=\"elementor-section elementor-inner-section elementor-element elementor-element-142419c elementor-section-boxed elementor-section-height-default elementor-section-height-default\" data-id=\"142419c\" data-element_type=\"section\">\n\t\t\t\t\t\t<div class=\"elementor-container elementor-column-gap-default\">\n\t\t\t\t\t<div class=\"elementor-column elementor-col-100 elementor-inner-column elementor-element elementor-element-93d16eb elementor-invisible\" data-id=\"93d16eb\" data-element_type=\"column\" data-settings=\"{&quot;animation&quot;:&quot;fadeInUp&quot;}\">\n\t\t\t<div class=\"elementor-widget-wrap elementor-element-populated\">\n\t\t\t\t\t\t<div class=\"elementor-element elementor-element-c3daae8 elementor-widget elementor-widget-heading\" data-id=\"c3daae8\" data-element_type=\"widget\" data-widget_type=\"heading.default\">\n\t\t\t\t<div class=\"elementor-widget-container\">\n\t\t\t<h2 class=\"elementor-heading-title elementor-size-default\">Contact us<\/h2>\t\t<\/div>\n\t\t\t\t<\/div>\n\t\t\t\t<div class=\"elementor-element elementor-element-6e82147 elementor-invisible elementor-widget elementor-widget-text-editor\" data-id=\"6e82147\" data-element_type=\"widget\" data-settings=\"{&quot;_animation&quot;:&quot;fadeInDown&quot;}\" data-widget_type=\"text-editor.default\">\n\t\t\t\t<div class=\"elementor-widget-container\">\n\t\t\t\t\t\t\t<p><span style=\"font-weight: 400;\">Discover how we can help you transform your business with tailor-made solutions.<\/span><\/p>\t\t\t\t\t\t<\/div>\n\t\t\t\t<\/div>\n\t\t\t\t<div class=\"elementor-element elementor-element-b268183 elementor-tablet-align-center elementor-align-center elementor-widget elementor-widget-button\" data-id=\"b268183\" data-element_type=\"widget\" data-widget_type=\"button.default\">\n\t\t\t\t<div class=\"elementor-widget-container\">\n\t\t\t\t\t<div class=\"elementor-button-wrapper\">\n\t\t\t<a class=\"elementor-button elementor-button-link elementor-size-md elementor-animation-shrink\" href=\"https:\/\/www.diagonalconsultingwb.com\/en\/contacto\/\">\n\t\t\t\t\t\t<span class=\"elementor-button-content-wrapper\">\n\t\t\t\t\t\t\t\t\t<span class=\"elementor-button-text\">Contact<\/span>\n\t\t\t\t\t<\/span>\n\t\t\t\t\t<\/a>\n\t\t<\/div>\n\t\t\t\t<\/div>\n\t\t\t\t<\/div>\n\t\t\t\t\t<\/div>\n\t\t<\/div>\n\t\t\t\t\t<\/div>\n\t\t<\/section>\n\t\t\t\t\t<\/div>\n\t\t<\/div>\n\t\t\t\t\t<\/div>\n\t\t<\/section>\n\t\t\t\t<\/div>","protected":false},"excerpt":{"rendered":"<p>Corporate Compliance Corporate Compliance In an increasingly complex regulatory environment, our corporate compliance consulting service is designed to help companies comply with legal and ethical regulations. We specialize in implementing compliance programs that mitigate risks, strengthen corporate responsibility, and promote a culture of [\u2026]<\/p>","protected":false},"author":1,"featured_media":0,"parent":0,"menu_order":0,"comment_status":"closed","ping_status":"closed","template":"elementor_header_footer","meta":{"footnotes":""},"class_list":["post-24","page","type-page","status-publish","hentry"],"yoast_head":"<!-- This site is optimized with the Yoast SEO plugin v23.7 - https:\/\/yoast.com\/wordpress\/plugins\/seo\/ -->\n<title>Compliance corporativo - Diagonal Consulting<\/title>\n<meta name=\"robots\" content=\"index, follow, max-snippet:-1, max-image-preview:large, max-video-preview:-1\" \/>\n<link rel=\"canonical\" href=\"https:\/\/www.diagonalconsultingwb.com\/en\/compliance-corporativo\/\" \/>\n<meta property=\"og:locale\" content=\"en_GB\" \/>\n<meta property=\"og:type\" content=\"article\" \/>\n<meta property=\"og:title\" content=\"Compliance corporativo - Diagonal Consulting\" \/>\n<meta property=\"og:description\" content=\"Compliance corporativo Cumplimiento Corporativo En un entorno regulatorio cada vez m\u00e1s complejo, nuestro servicio de consultor\u00eda en compliance corporativo est\u00e1 dise\u00f1ado para ayudar a las empresas a cumplir con las normativas legales y \u00e9ticas. Nos especializamos en la implementaci\u00f3n de programas de cumplimiento que mitigan riesgos, fortalecen la responsabilidad corporativa y promueven una cultura de [&hellip;]\" \/>\n<meta property=\"og:url\" content=\"https:\/\/www.diagonalconsultingwb.com\/en\/compliance-corporativo\/\" \/>\n<meta property=\"og:site_name\" content=\"Diagonal Consulting\" \/>\n<meta property=\"article:modified_time\" content=\"2024-10-11T10:23:37+00:00\" \/>\n<meta property=\"og:image\" content=\"https:\/\/www.diagonalconsultingwb.com\/wp-content\/uploads\/2024\/09\/6-1.jpg\" \/>\n\t<meta property=\"og:image:width\" content=\"1920\" \/>\n\t<meta property=\"og:image:height\" content=\"1080\" \/>\n\t<meta property=\"og:image:type\" content=\"image\/jpeg\" \/>\n<meta name=\"twitter:card\" content=\"summary_large_image\" \/>\n<meta name=\"twitter:label1\" content=\"Estimated reading time\" \/>\n\t<meta name=\"twitter:data1\" content=\"1 minute\" \/>\n<script type=\"application\/ld+json\" class=\"yoast-schema-graph\">{\"@context\":\"https:\/\/schema.org\",\"@graph\":[{\"@type\":\"WebPage\",\"@id\":\"https:\/\/www.diagonalconsultingwb.com\/compliance-corporativo\/\",\"url\":\"https:\/\/www.diagonalconsultingwb.com\/compliance-corporativo\/\",\"name\":\"Compliance corporativo - Diagonal Consulting\",\"isPartOf\":{\"@id\":\"https:\/\/www.diagonalconsultingwb.com\/#website\"},\"primaryImageOfPage\":{\"@id\":\"https:\/\/www.diagonalconsultingwb.com\/compliance-corporativo\/#primaryimage\"},\"image\":{\"@id\":\"https:\/\/www.diagonalconsultingwb.com\/compliance-corporativo\/#primaryimage\"},\"thumbnailUrl\":\"https:\/\/www.diagonalconsultingwb.com\/wp-content\/uploads\/2024\/09\/6-1.jpg\",\"datePublished\":\"2024-08-07T08:34:20+00:00\",\"dateModified\":\"2024-10-11T10:23:37+00:00\",\"breadcrumb\":{\"@id\":\"https:\/\/www.diagonalconsultingwb.com\/compliance-corporativo\/#breadcrumb\"},\"inLanguage\":\"en-GB\",\"potentialAction\":[{\"@type\":\"ReadAction\",\"target\":[\"https:\/\/www.diagonalconsultingwb.com\/compliance-corporativo\/\"]}]},{\"@type\":\"ImageObject\",\"inLanguage\":\"en-GB\",\"@id\":\"https:\/\/www.diagonalconsultingwb.com\/compliance-corporativo\/#primaryimage\",\"url\":\"https:\/\/www.diagonalconsultingwb.com\/wp-content\/uploads\/2024\/09\/6-1.jpg\",\"contentUrl\":\"https:\/\/www.diagonalconsultingwb.com\/wp-content\/uploads\/2024\/09\/6-1.jpg\"},{\"@type\":\"BreadcrumbList\",\"@id\":\"https:\/\/www.diagonalconsultingwb.com\/compliance-corporativo\/#breadcrumb\",\"itemListElement\":[{\"@type\":\"ListItem\",\"position\":1,\"name\":\"Portada\",\"item\":\"https:\/\/www.diagonalconsultingwb.com\/\"},{\"@type\":\"ListItem\",\"position\":2,\"name\":\"Compliance corporativo\"}]},{\"@type\":\"WebSite\",\"@id\":\"https:\/\/www.diagonalconsultingwb.com\/#website\",\"url\":\"https:\/\/www.diagonalconsultingwb.com\/\",\"name\":\"Diagonal Consulting\",\"description\":\"\",\"publisher\":{\"@id\":\"https:\/\/www.diagonalconsultingwb.com\/#organization\"},\"potentialAction\":[{\"@type\":\"SearchAction\",\"target\":{\"@type\":\"EntryPoint\",\"urlTemplate\":\"https:\/\/www.diagonalconsultingwb.com\/?s={search_term_string}\"},\"query-input\":{\"@type\":\"PropertyValueSpecification\",\"valueRequired\":true,\"valueName\":\"search_term_string\"}}],\"inLanguage\":\"en-GB\"},{\"@type\":\"Organization\",\"@id\":\"https:\/\/www.diagonalconsultingwb.com\/#organization\",\"name\":\"Diagonal Consulting\",\"url\":\"https:\/\/www.diagonalconsultingwb.com\/\",\"logo\":{\"@type\":\"ImageObject\",\"inLanguage\":\"en-GB\",\"@id\":\"https:\/\/www.diagonalconsultingwb.com\/#\/schema\/logo\/image\/\",\"url\":\"\",\"contentUrl\":\"\",\"caption\":\"Diagonal Consulting\"},\"image\":{\"@id\":\"https:\/\/www.diagonalconsultingwb.com\/#\/schema\/logo\/image\/\"}}]}<\/script>\n<!-- \/ Yoast SEO plugin. -->","yoast_head_json":{"title":"Compliance corporativo - Diagonal Consulting","robots":{"index":"index","follow":"follow","max-snippet":"max-snippet:-1","max-image-preview":"max-image-preview:large","max-video-preview":"max-video-preview:-1"},"canonical":"https:\/\/www.diagonalconsultingwb.com\/en\/compliance-corporativo\/","og_locale":"en_GB","og_type":"article","og_title":"Compliance corporativo - Diagonal Consulting","og_description":"Compliance corporativo Cumplimiento Corporativo En un entorno regulatorio cada vez m\u00e1s complejo, nuestro servicio de consultor\u00eda en compliance corporativo est\u00e1 dise\u00f1ado para ayudar a las empresas a cumplir con las normativas legales y \u00e9ticas. Nos especializamos en la implementaci\u00f3n de programas de cumplimiento que mitigan riesgos, fortalecen la responsabilidad corporativa y promueven una cultura de [&hellip;]","og_url":"https:\/\/www.diagonalconsultingwb.com\/en\/compliance-corporativo\/","og_site_name":"Diagonal Consulting","article_modified_time":"2024-10-11T10:23:37+00:00","og_image":[{"width":1920,"height":1080,"url":"https:\/\/www.diagonalconsultingwb.com\/wp-content\/uploads\/2024\/09\/6-1.jpg","type":"image\/jpeg"}],"twitter_card":"summary_large_image","twitter_misc":{"Estimated reading time":"1 minute"},"schema":{"@context":"https:\/\/schema.org","@graph":[{"@type":"WebPage","@id":"https:\/\/www.diagonalconsultingwb.com\/compliance-corporativo\/","url":"https:\/\/www.diagonalconsultingwb.com\/compliance-corporativo\/","name":"Compliance corporativo - Diagonal Consulting","isPartOf":{"@id":"https:\/\/www.diagonalconsultingwb.com\/#website"},"primaryImageOfPage":{"@id":"https:\/\/www.diagonalconsultingwb.com\/compliance-corporativo\/#primaryimage"},"image":{"@id":"https:\/\/www.diagonalconsultingwb.com\/compliance-corporativo\/#primaryimage"},"thumbnailUrl":"https:\/\/www.diagonalconsultingwb.com\/wp-content\/uploads\/2024\/09\/6-1.jpg","datePublished":"2024-08-07T08:34:20+00:00","dateModified":"2024-10-11T10:23:37+00:00","breadcrumb":{"@id":"https:\/\/www.diagonalconsultingwb.com\/compliance-corporativo\/#breadcrumb"},"inLanguage":"en-GB","potentialAction":[{"@type":"ReadAction","target":["https:\/\/www.diagonalconsultingwb.com\/compliance-corporativo\/"]}]},{"@type":"ImageObject","inLanguage":"en-GB","@id":"https:\/\/www.diagonalconsultingwb.com\/compliance-corporativo\/#primaryimage","url":"https:\/\/www.diagonalconsultingwb.com\/wp-content\/uploads\/2024\/09\/6-1.jpg","contentUrl":"https:\/\/www.diagonalconsultingwb.com\/wp-content\/uploads\/2024\/09\/6-1.jpg"},{"@type":"BreadcrumbList","@id":"https:\/\/www.diagonalconsultingwb.com\/compliance-corporativo\/#breadcrumb","itemListElement":[{"@type":"ListItem","position":1,"name":"Portada","item":"https:\/\/www.diagonalconsultingwb.com\/"},{"@type":"ListItem","position":2,"name":"Compliance corporativo"}]},{"@type":"WebSite","@id":"https:\/\/www.diagonalconsultingwb.com\/#website","url":"https:\/\/www.diagonalconsultingwb.com\/","name":"Diagonal Consulting","description":"","publisher":{"@id":"https:\/\/www.diagonalconsultingwb.com\/#organization"},"potentialAction":[{"@type":"SearchAction","target":{"@type":"EntryPoint","urlTemplate":"https:\/\/www.diagonalconsultingwb.com\/?s={search_term_string}"},"query-input":{"@type":"PropertyValueSpecification","valueRequired":true,"valueName":"search_term_string"}}],"inLanguage":"en-GB"},{"@type":"Organization","@id":"https:\/\/www.diagonalconsultingwb.com\/#organization","name":"Diagonal Consulting","url":"https:\/\/www.diagonalconsultingwb.com\/","logo":{"@type":"ImageObject","inLanguage":"en-GB","@id":"https:\/\/www.diagonalconsultingwb.com\/#\/schema\/logo\/image\/","url":"","contentUrl":"","caption":"Diagonal Consulting"},"image":{"@id":"https:\/\/www.diagonalconsultingwb.com\/#\/schema\/logo\/image\/"}}]}},"_links":{"self":[{"href":"https:\/\/www.diagonalconsultingwb.com\/en\/wp-json\/wp\/v2\/pages\/24"}],"collection":[{"href":"https:\/\/www.diagonalconsultingwb.com\/en\/wp-json\/wp\/v2\/pages"}],"about":[{"href":"https:\/\/www.diagonalconsultingwb.com\/en\/wp-json\/wp\/v2\/types\/page"}],"author":[{"embeddable":true,"href":"https:\/\/www.diagonalconsultingwb.com\/en\/wp-json\/wp\/v2\/users\/1"}],"replies":[{"embeddable":true,"href":"https:\/\/www.diagonalconsultingwb.com\/en\/wp-json\/wp\/v2\/comments?post=24"}],"version-history":[{"count":97,"href":"https:\/\/www.diagonalconsultingwb.com\/en\/wp-json\/wp\/v2\/pages\/24\/revisions"}],"predecessor-version":[{"id":2132,"href":"https:\/\/www.diagonalconsultingwb.com\/en\/wp-json\/wp\/v2\/pages\/24\/revisions\/2132"}],"wp:attachment":[{"href":"https:\/\/www.diagonalconsultingwb.com\/en\/wp-json\/wp\/v2\/media?parent=24"}],"curies":[{"name":"wp","href":"https:\/\/api.w.org\/{rel}","templated":true}]}}