{"id":1922,"date":"2024-09-25T12:53:55","date_gmt":"2024-09-25T10:53:55","guid":{"rendered":"https:\/\/www.diagonalconsultingwb.com\/?page_id=1922"},"modified":"2024-09-26T09:35:19","modified_gmt":"2024-09-26T07:35:19","slug":"asesoria-juridico-laboral","status":"publish","type":"page","link":"https:\/\/www.diagonalconsultingwb.com\/en\/asesoria-juridico-laboral\/","title":{"rendered":"LEGAL LABOR ADVICE"},"content":{"rendered":"<div data-elementor-type=\"wp-page\" data-elementor-id=\"1922\" class=\"elementor elementor-1922\" data-elementor-post-type=\"page\">\n\t\t\t\t\t\t<section class=\"elementor-section elementor-top-section elementor-element elementor-element-19c51ae elementor-section-height-min-height elementor-section-items-stretch elementor-section-content-middle elementor-section-boxed elementor-section-height-default\" data-id=\"19c51ae\" data-element_type=\"section\" data-settings=\"{&quot;background_background&quot;:&quot;classic&quot;}\">\n\t\t\t\t\t\t\t<div class=\"elementor-background-overlay\"><\/div>\n\t\t\t\t\t\t\t<div class=\"elementor-container elementor-column-gap-default\">\n\t\t\t\t\t<div class=\"elementor-column elementor-col-100 elementor-top-column elementor-element elementor-element-f2ac0f1\" data-id=\"f2ac0f1\" data-element_type=\"column\">\n\t\t\t<div class=\"elementor-widget-wrap elementor-element-populated\">\n\t\t\t\t\t\t<div class=\"elementor-element elementor-element-d6dd2a7 elementor-invisible elementor-widget elementor-widget-heading\" data-id=\"d6dd2a7\" data-element_type=\"widget\" data-settings=\"{&quot;_animation&quot;:&quot;fadeInDown&quot;}\" data-widget_type=\"heading.default\">\n\t\t\t\t<div class=\"elementor-widget-container\">\n\t\t\t<style>\/*! elementor - v3.23.0 - 05-08-2024 *\/\n.elementor-heading-title{padding:0;margin:0;line-height:1}.elementor-widget-heading .elementor-heading-title[class*=elementor-size-]>a{color:inherit;font-size:inherit;line-height:inherit}.elementor-widget-heading .elementor-heading-title.elementor-size-small{font-size:15px}.elementor-widget-heading .elementor-heading-title.elementor-size-medium{font-size:19px}.elementor-widget-heading .elementor-heading-title.elementor-size-large{font-size:29px}.elementor-widget-heading .elementor-heading-title.elementor-size-xl{font-size:39px}.elementor-widget-heading .elementor-heading-title.elementor-size-xxl{font-size:59px}<\/style><h1 class=\"elementor-heading-title elementor-size-default\">Legal and Labor Advice<\/h1>\t\t<\/div>\n\t\t\t\t<\/div>\n\t\t\t\t\t<\/div>\n\t\t<\/div>\n\t\t\t\t\t<\/div>\n\t\t<\/section>\n\t\t\t\t<section class=\"elementor-section elementor-top-section elementor-element elementor-element-c287bbb elementor-reverse-mobile elementor-reverse-tablet elementor-section-boxed elementor-section-height-default elementor-section-height-default\" data-id=\"c287bbb\" data-element_type=\"section\">\n\t\t\t\t\t\t<div class=\"elementor-container elementor-column-gap-default\">\n\t\t\t\t\t<div class=\"elementor-column elementor-col-50 elementor-top-column elementor-element elementor-element-a363d4b elementor-invisible\" data-id=\"a363d4b\" data-element_type=\"column\" data-settings=\"{&quot;animation&quot;:&quot;fadeInUp&quot;}\">\n\t\t\t<div class=\"elementor-widget-wrap elementor-element-populated\">\n\t\t\t\t\t\t<div class=\"elementor-element elementor-element-108381a elementor-widget elementor-widget-text-editor\" data-id=\"108381a\" data-element_type=\"widget\" data-widget_type=\"text-editor.default\">\n\t\t\t\t<div class=\"elementor-widget-container\">\n\t\t\t<style>\/*! elementor - v3.23.0 - 05-08-2024 *\/\n.elementor-widget-text-editor.elementor-drop-cap-view-stacked .elementor-drop-cap{background-color:#69727d;color:#fff}.elementor-widget-text-editor.elementor-drop-cap-view-framed .elementor-drop-cap{color:#69727d;border:3px solid;background-color:transparent}.elementor-widget-text-editor:not(.elementor-drop-cap-view-default) .elementor-drop-cap{margin-top:8px}.elementor-widget-text-editor:not(.elementor-drop-cap-view-default) .elementor-drop-cap-letter{width:1em;height:1em}.elementor-widget-text-editor .elementor-drop-cap{float:left;text-align:center;line-height:1;font-size:50px}.elementor-widget-text-editor .elementor-drop-cap-letter{display:inline-block}<\/style>\t\t\t\t<p>We distinguish ourselves by a proactive and approachable approach, anticipating problems before they become conflicts. In addition, we are committed to continuous training, so that both your team and ours are always at the forefront of labor regulations.<\/p><div>\u00a0<\/div>\t\t\t\t\t\t<\/div>\n\t\t\t\t<\/div>\n\t\t\t\t\t<\/div>\n\t\t<\/div>\n\t\t\t\t<div class=\"elementor-column elementor-col-50 elementor-top-column elementor-element elementor-element-986ad5c elementor-invisible\" data-id=\"986ad5c\" data-element_type=\"column\" data-settings=\"{&quot;animation&quot;:&quot;fadeInDown&quot;}\">\n\t\t\t<div class=\"elementor-widget-wrap elementor-element-populated\">\n\t\t\t\t\t\t<div class=\"elementor-element elementor-element-63550c7 elementor-widget elementor-widget-image\" data-id=\"63550c7\" data-element_type=\"widget\" data-widget_type=\"image.default\">\n\t\t\t\t<div class=\"elementor-widget-container\">\n\t\t\t\t\t\t\t\t\t\t\t\t\t<img fetchpriority=\"high\" decoding=\"async\" width=\"1920\" height=\"1080\" src=\"https:\/\/www.diagonalconsultingwb.com\/wp-content\/uploads\/2024\/09\/11-1.jpg\" class=\"attachment-full size-full wp-image-1899\" alt=\"\" srcset=\"https:\/\/www.diagonalconsultingwb.com\/wp-content\/uploads\/2024\/09\/11-1.jpg 1920w, https:\/\/www.diagonalconsultingwb.com\/wp-content\/uploads\/2024\/09\/11-1-300x169.jpg 300w, https:\/\/www.diagonalconsultingwb.com\/wp-content\/uploads\/2024\/09\/11-1-1024x576.jpg 1024w, https:\/\/www.diagonalconsultingwb.com\/wp-content\/uploads\/2024\/09\/11-1-768x432.jpg 768w, https:\/\/www.diagonalconsultingwb.com\/wp-content\/uploads\/2024\/09\/11-1-1536x864.jpg 1536w, https:\/\/www.diagonalconsultingwb.com\/wp-content\/uploads\/2024\/09\/11-1-18x10.jpg 18w\" sizes=\"(max-width: 1920px) 100vw, 1920px\" \/>\t\t\t\t\t\t\t\t\t\t\t\t\t<\/div>\n\t\t\t\t<\/div>\n\t\t\t\t\t<\/div>\n\t\t<\/div>\n\t\t\t\t\t<\/div>\n\t\t<\/section>\n\t\t<div class=\"elementor-element elementor-element-66b906f e-flex e-con-boxed e-con e-child\" data-id=\"66b906f\" data-element_type=\"container\" data-settings=\"{&quot;background_background&quot;:&quot;classic&quot;}\">\n\t\t\t\t\t<div class=\"e-con-inner\">\n\t\t<div class=\"elementor-element elementor-element-2441cc0 e-con-full e-flex e-con e-child\" data-id=\"2441cc0\" data-element_type=\"container\">\n\t\t\t\t<div class=\"elementor-element elementor-element-963237a elementor-widget elementor-widget-image\" data-id=\"963237a\" data-element_type=\"widget\" data-widget_type=\"image.default\">\n\t\t\t\t<div class=\"elementor-widget-container\">\n\t\t\t\t\t\t\t\t\t\t\t\t\t<img decoding=\"async\" width=\"800\" height=\"450\" src=\"https:\/\/www.diagonalconsultingwb.com\/wp-content\/uploads\/2024\/09\/1-4-1024x576.jpg\" class=\"attachment-large size-large wp-image-1964\" alt=\"\" srcset=\"https:\/\/www.diagonalconsultingwb.com\/wp-content\/uploads\/2024\/09\/1-4-1024x576.jpg 1024w, https:\/\/www.diagonalconsultingwb.com\/wp-content\/uploads\/2024\/09\/1-4-300x169.jpg 300w, https:\/\/www.diagonalconsultingwb.com\/wp-content\/uploads\/2024\/09\/1-4-768x432.jpg 768w, https:\/\/www.diagonalconsultingwb.com\/wp-content\/uploads\/2024\/09\/1-4-1536x864.jpg 1536w, https:\/\/www.diagonalconsultingwb.com\/wp-content\/uploads\/2024\/09\/1-4-18x10.jpg 18w, https:\/\/www.diagonalconsultingwb.com\/wp-content\/uploads\/2024\/09\/1-4.jpg 1920w\" sizes=\"(max-width: 800px) 100vw, 800px\" \/>\t\t\t\t\t\t\t\t\t\t\t\t\t<\/div>\n\t\t\t\t<\/div>\n\t\t\t\t<\/div>\n\t\t<div class=\"elementor-element elementor-element-37ac650 e-con-full e-flex e-con e-child\" data-id=\"37ac650\" data-element_type=\"container\">\n\t\t\t\t<div class=\"elementor-element elementor-element-11560d6 elementor-widget elementor-widget-text-editor\" data-id=\"11560d6\" data-element_type=\"widget\" data-widget_type=\"text-editor.default\">\n\t\t\t\t<div class=\"elementor-widget-container\">\n\t\t\t\t\t\t\t<p>With Diagonal Consulting you have the peace of mind of having experts who understand your vision and accompany you every step of the way. Let&#039;s talk and find the best strategy for your company together!<\/p>\t\t\t\t\t\t<\/div>\n\t\t\t\t<\/div>\n\t\t\t\t<div class=\"elementor-element elementor-element-4cf876d elementor-widget elementor-widget-text-editor\" data-id=\"4cf876d\" data-element_type=\"widget\" data-widget_type=\"text-editor.default\">\n\t\t\t\t<div class=\"elementor-widget-container\">\n\t\t\t\t\t\t\t<p><strong>\u00b7 Senior management contracts<\/strong><\/p>\t\t\t\t\t\t<\/div>\n\t\t\t\t<\/div>\n\t\t\t\t<div class=\"elementor-element elementor-element-db33850 elementor-widget elementor-widget-text-editor\" data-id=\"db33850\" data-element_type=\"widget\" data-widget_type=\"text-editor.default\">\n\t\t\t\t<div class=\"elementor-widget-container\">\n\t\t\t\t\t\t\t<p><strong>\u00b7 Highly complex dismissals<\/strong><\/p>\t\t\t\t\t\t<\/div>\n\t\t\t\t<\/div>\n\t\t\t\t<div class=\"elementor-element elementor-element-5a18179 elementor-widget elementor-widget-text-editor\" data-id=\"5a18179\" data-element_type=\"widget\" data-widget_type=\"text-editor.default\">\n\t\t\t\t<div class=\"elementor-widget-container\">\n\t\t\t\t\t\t\t<p><b>\u00b7 Creation, review and improvement of internal policies<\/b><\/p>\t\t\t\t\t\t<\/div>\n\t\t\t\t<\/div>\n\t\t\t\t<div class=\"elementor-element elementor-element-ba8fea7 elementor-widget elementor-widget-text-editor\" data-id=\"ba8fea7\" data-element_type=\"widget\" data-widget_type=\"text-editor.default\">\n\t\t\t\t<div class=\"elementor-widget-container\">\n\t\t\t\t\t\t\t<p><b>\u00b7 Prevention of labor disputes<\/b><\/p>\t\t\t\t\t\t<\/div>\n\t\t\t\t<\/div>\n\t\t\t\t<div class=\"elementor-element elementor-element-c3f4d5f elementor-widget elementor-widget-text-editor\" data-id=\"c3f4d5f\" data-element_type=\"widget\" data-widget_type=\"text-editor.default\">\n\t\t\t\t<div class=\"elementor-widget-container\">\n\t\t\t\t\t\t\t<p><b>\u00b7 Management of labor disputes<\/b><\/p>\t\t\t\t\t\t<\/div>\n\t\t\t\t<\/div>\n\t\t\t\t<div class=\"elementor-element elementor-element-8a1b36c elementor-widget elementor-widget-text-editor\" data-id=\"8a1b36c\" data-element_type=\"widget\" data-widget_type=\"text-editor.default\">\n\t\t\t\t<div class=\"elementor-widget-container\">\n\t\t\t\t\t\t\t<p><b>\u00b7 Mediation and arbitration in collective bargaining<\/b><\/p>\t\t\t\t\t\t<\/div>\n\t\t\t\t<\/div>\n\t\t\t\t<\/div>\n\t\t\t\t\t<\/div>\n\t\t\t\t<\/div>\n\t\t\t\t<section class=\"elementor-section elementor-top-section elementor-element elementor-element-1d9afa8 elementor-section-full_width elementor-section-height-default elementor-section-height-default\" data-id=\"1d9afa8\" data-element_type=\"section\" data-settings=\"{&quot;background_background&quot;:&quot;classic&quot;}\">\n\t\t\t\t\t\t\t<div class=\"elementor-background-overlay\"><\/div>\n\t\t\t\t\t\t\t<div class=\"elementor-container elementor-column-gap-default\">\n\t\t\t\t\t<div class=\"elementor-column elementor-col-100 elementor-top-column elementor-element elementor-element-a4a129d\" data-id=\"a4a129d\" data-element_type=\"column\" data-settings=\"{&quot;background_background&quot;:&quot;classic&quot;}\">\n\t\t\t<div class=\"elementor-widget-wrap elementor-element-populated\">\n\t\t\t\t\t\t<section class=\"elementor-section elementor-inner-section elementor-element elementor-element-25d9533 elementor-section-boxed elementor-section-height-default elementor-section-height-default\" data-id=\"25d9533\" data-element_type=\"section\">\n\t\t\t\t\t\t<div class=\"elementor-container elementor-column-gap-default\">\n\t\t\t\t\t<div class=\"elementor-column elementor-col-100 elementor-inner-column elementor-element elementor-element-df190cb elementor-invisible\" data-id=\"df190cb\" data-element_type=\"column\" data-settings=\"{&quot;animation&quot;:&quot;fadeInUp&quot;}\">\n\t\t\t<div class=\"elementor-widget-wrap elementor-element-populated\">\n\t\t\t\t\t\t<div class=\"elementor-element elementor-element-187b1dc elementor-widget elementor-widget-heading\" data-id=\"187b1dc\" data-element_type=\"widget\" data-widget_type=\"heading.default\">\n\t\t\t\t<div class=\"elementor-widget-container\">\n\t\t\t<h2 class=\"elementor-heading-title elementor-size-default\">Contact us<\/h2>\t\t<\/div>\n\t\t\t\t<\/div>\n\t\t\t\t<div class=\"elementor-element elementor-element-578bab2 elementor-invisible elementor-widget elementor-widget-text-editor\" data-id=\"578bab2\" data-element_type=\"widget\" data-settings=\"{&quot;_animation&quot;:&quot;fadeInDown&quot;}\" data-widget_type=\"text-editor.default\">\n\t\t\t\t<div class=\"elementor-widget-container\">\n\t\t\t\t\t\t\t<p><span style=\"font-weight: 400;\">Discover how we can help you transform your business with tailor-made solutions.<\/span><\/p>\t\t\t\t\t\t<\/div>\n\t\t\t\t<\/div>\n\t\t\t\t<div class=\"elementor-element elementor-element-24ed40d elementor-tablet-align-center elementor-align-center elementor-widget elementor-widget-button\" data-id=\"24ed40d\" data-element_type=\"widget\" data-widget_type=\"button.default\">\n\t\t\t\t<div class=\"elementor-widget-container\">\n\t\t\t\t\t<div class=\"elementor-button-wrapper\">\n\t\t\t<a class=\"elementor-button elementor-button-link elementor-size-md elementor-animation-shrink\" href=\"https:\/\/www.diagonalconsultingwb.com\/en\/contacto\/\">\n\t\t\t\t\t\t<span class=\"elementor-button-content-wrapper\">\n\t\t\t\t\t\t\t\t\t<span class=\"elementor-button-text\">Contact<\/span>\n\t\t\t\t\t<\/span>\n\t\t\t\t\t<\/a>\n\t\t<\/div>\n\t\t\t\t<\/div>\n\t\t\t\t<\/div>\n\t\t\t\t\t<\/div>\n\t\t<\/div>\n\t\t\t\t\t<\/div>\n\t\t<\/section>\n\t\t\t\t\t<\/div>\n\t\t<\/div>\n\t\t\t\t\t<\/div>\n\t\t<\/section>\n\t\t\t\t<\/div>","protected":false},"excerpt":{"rendered":"<p>Labor and Legal Consulting We stand out for our proactive and approachable approach, anticipating problems before they become conflicts. We are also committed to ongoing training so that both your team and ours are always at the forefront of labor regulations. With Diagonal Consulting, you can rest assured knowing [\u2026]<\/p>","protected":false},"author":4,"featured_media":0,"parent":0,"menu_order":0,"comment_status":"closed","ping_status":"closed","template":"","meta":{"footnotes":""},"class_list":["post-1922","page","type-page","status-publish","hentry"],"yoast_head":"<!-- This site is optimized with the Yoast SEO plugin v23.7 - https:\/\/yoast.com\/wordpress\/plugins\/seo\/ -->\n<title>ASESOR\u00cdA JURIDICO LABORAL - Diagonal Consulting<\/title>\n<meta name=\"robots\" content=\"index, follow, max-snippet:-1, max-image-preview:large, max-video-preview:-1\" \/>\n<link rel=\"canonical\" href=\"https:\/\/www.diagonalconsultingwb.com\/en\/asesoria-juridico-laboral\/\" \/>\n<meta property=\"og:locale\" content=\"en_GB\" \/>\n<meta property=\"og:type\" content=\"article\" \/>\n<meta property=\"og:title\" content=\"ASESOR\u00cdA JURIDICO LABORAL - Diagonal Consulting\" \/>\n<meta property=\"og:description\" content=\"Asesor\u00eda Jur\u00eddico Laboral Nos distinguimos por un enfoque proactivo y cercano, anticip\u00e1ndonos a los problemas antes de que se conviertan en conflictos. Adem\u00e1s, estamos comprometidos con la capacitaci\u00f3n continua, para que tanto tu equipo como el nuestro estemos siempre a la vanguardia de las normativas laborales. \u00a0 Con Diagonal Consulting tienes la tranquilidad de contar [&hellip;]\" \/>\n<meta property=\"og:url\" content=\"https:\/\/www.diagonalconsultingwb.com\/en\/asesoria-juridico-laboral\/\" \/>\n<meta property=\"og:site_name\" content=\"Diagonal Consulting\" \/>\n<meta property=\"article:modified_time\" content=\"2024-09-26T07:35:19+00:00\" \/>\n<meta property=\"og:image\" content=\"https:\/\/www.diagonalconsultingwb.com\/wp-content\/uploads\/2024\/09\/11-1.jpg\" \/>\n\t<meta property=\"og:image:width\" content=\"1920\" \/>\n\t<meta property=\"og:image:height\" content=\"1080\" \/>\n\t<meta property=\"og:image:type\" content=\"image\/jpeg\" \/>\n<meta name=\"twitter:card\" content=\"summary_large_image\" \/>\n<meta name=\"twitter:label1\" content=\"Estimated reading time\" \/>\n\t<meta name=\"twitter:data1\" content=\"1 minute\" \/>\n<script type=\"application\/ld+json\" class=\"yoast-schema-graph\">{\"@context\":\"https:\/\/schema.org\",\"@graph\":[{\"@type\":\"WebPage\",\"@id\":\"https:\/\/www.diagonalconsultingwb.com\/asesoria-juridico-laboral\/\",\"url\":\"https:\/\/www.diagonalconsultingwb.com\/asesoria-juridico-laboral\/\",\"name\":\"ASESOR\u00cdA JURIDICO LABORAL - Diagonal Consulting\",\"isPartOf\":{\"@id\":\"https:\/\/www.diagonalconsultingwb.com\/#website\"},\"primaryImageOfPage\":{\"@id\":\"https:\/\/www.diagonalconsultingwb.com\/asesoria-juridico-laboral\/#primaryimage\"},\"image\":{\"@id\":\"https:\/\/www.diagonalconsultingwb.com\/asesoria-juridico-laboral\/#primaryimage\"},\"thumbnailUrl\":\"https:\/\/www.diagonalconsultingwb.com\/wp-content\/uploads\/2024\/09\/11-1.jpg\",\"datePublished\":\"2024-09-25T10:53:55+00:00\",\"dateModified\":\"2024-09-26T07:35:19+00:00\",\"breadcrumb\":{\"@id\":\"https:\/\/www.diagonalconsultingwb.com\/asesoria-juridico-laboral\/#breadcrumb\"},\"inLanguage\":\"en-GB\",\"potentialAction\":[{\"@type\":\"ReadAction\",\"target\":[\"https:\/\/www.diagonalconsultingwb.com\/asesoria-juridico-laboral\/\"]}]},{\"@type\":\"ImageObject\",\"inLanguage\":\"en-GB\",\"@id\":\"https:\/\/www.diagonalconsultingwb.com\/asesoria-juridico-laboral\/#primaryimage\",\"url\":\"https:\/\/www.diagonalconsultingwb.com\/wp-content\/uploads\/2024\/09\/11-1.jpg\",\"contentUrl\":\"https:\/\/www.diagonalconsultingwb.com\/wp-content\/uploads\/2024\/09\/11-1.jpg\"},{\"@type\":\"BreadcrumbList\",\"@id\":\"https:\/\/www.diagonalconsultingwb.com\/asesoria-juridico-laboral\/#breadcrumb\",\"itemListElement\":[{\"@type\":\"ListItem\",\"position\":1,\"name\":\"Portada\",\"item\":\"https:\/\/www.diagonalconsultingwb.com\/\"},{\"@type\":\"ListItem\",\"position\":2,\"name\":\"ASESOR\u00cdA JURIDICO LABORAL\"}]},{\"@type\":\"WebSite\",\"@id\":\"https:\/\/www.diagonalconsultingwb.com\/#website\",\"url\":\"https:\/\/www.diagonalconsultingwb.com\/\",\"name\":\"Diagonal Consulting\",\"description\":\"\",\"publisher\":{\"@id\":\"https:\/\/www.diagonalconsultingwb.com\/#organization\"},\"potentialAction\":[{\"@type\":\"SearchAction\",\"target\":{\"@type\":\"EntryPoint\",\"urlTemplate\":\"https:\/\/www.diagonalconsultingwb.com\/?s={search_term_string}\"},\"query-input\":{\"@type\":\"PropertyValueSpecification\",\"valueRequired\":true,\"valueName\":\"search_term_string\"}}],\"inLanguage\":\"en-GB\"},{\"@type\":\"Organization\",\"@id\":\"https:\/\/www.diagonalconsultingwb.com\/#organization\",\"name\":\"Diagonal Consulting\",\"url\":\"https:\/\/www.diagonalconsultingwb.com\/\",\"logo\":{\"@type\":\"ImageObject\",\"inLanguage\":\"en-GB\",\"@id\":\"https:\/\/www.diagonalconsultingwb.com\/#\/schema\/logo\/image\/\",\"url\":\"\",\"contentUrl\":\"\",\"caption\":\"Diagonal Consulting\"},\"image\":{\"@id\":\"https:\/\/www.diagonalconsultingwb.com\/#\/schema\/logo\/image\/\"}}]}<\/script>\n<!-- \/ Yoast SEO plugin. -->","yoast_head_json":{"title":"ASESOR\u00cdA JURIDICO LABORAL - Diagonal Consulting","robots":{"index":"index","follow":"follow","max-snippet":"max-snippet:-1","max-image-preview":"max-image-preview:large","max-video-preview":"max-video-preview:-1"},"canonical":"https:\/\/www.diagonalconsultingwb.com\/en\/asesoria-juridico-laboral\/","og_locale":"en_GB","og_type":"article","og_title":"ASESOR\u00cdA JURIDICO LABORAL - Diagonal Consulting","og_description":"Asesor\u00eda Jur\u00eddico Laboral Nos distinguimos por un enfoque proactivo y cercano, anticip\u00e1ndonos a los problemas antes de que se conviertan en conflictos. Adem\u00e1s, estamos comprometidos con la capacitaci\u00f3n continua, para que tanto tu equipo como el nuestro estemos siempre a la vanguardia de las normativas laborales. \u00a0 Con Diagonal Consulting tienes la tranquilidad de contar [&hellip;]","og_url":"https:\/\/www.diagonalconsultingwb.com\/en\/asesoria-juridico-laboral\/","og_site_name":"Diagonal Consulting","article_modified_time":"2024-09-26T07:35:19+00:00","og_image":[{"width":1920,"height":1080,"url":"https:\/\/www.diagonalconsultingwb.com\/wp-content\/uploads\/2024\/09\/11-1.jpg","type":"image\/jpeg"}],"twitter_card":"summary_large_image","twitter_misc":{"Estimated reading time":"1 minute"},"schema":{"@context":"https:\/\/schema.org","@graph":[{"@type":"WebPage","@id":"https:\/\/www.diagonalconsultingwb.com\/asesoria-juridico-laboral\/","url":"https:\/\/www.diagonalconsultingwb.com\/asesoria-juridico-laboral\/","name":"ASESOR\u00cdA JURIDICO LABORAL - Diagonal Consulting","isPartOf":{"@id":"https:\/\/www.diagonalconsultingwb.com\/#website"},"primaryImageOfPage":{"@id":"https:\/\/www.diagonalconsultingwb.com\/asesoria-juridico-laboral\/#primaryimage"},"image":{"@id":"https:\/\/www.diagonalconsultingwb.com\/asesoria-juridico-laboral\/#primaryimage"},"thumbnailUrl":"https:\/\/www.diagonalconsultingwb.com\/wp-content\/uploads\/2024\/09\/11-1.jpg","datePublished":"2024-09-25T10:53:55+00:00","dateModified":"2024-09-26T07:35:19+00:00","breadcrumb":{"@id":"https:\/\/www.diagonalconsultingwb.com\/asesoria-juridico-laboral\/#breadcrumb"},"inLanguage":"en-GB","potentialAction":[{"@type":"ReadAction","target":["https:\/\/www.diagonalconsultingwb.com\/asesoria-juridico-laboral\/"]}]},{"@type":"ImageObject","inLanguage":"en-GB","@id":"https:\/\/www.diagonalconsultingwb.com\/asesoria-juridico-laboral\/#primaryimage","url":"https:\/\/www.diagonalconsultingwb.com\/wp-content\/uploads\/2024\/09\/11-1.jpg","contentUrl":"https:\/\/www.diagonalconsultingwb.com\/wp-content\/uploads\/2024\/09\/11-1.jpg"},{"@type":"BreadcrumbList","@id":"https:\/\/www.diagonalconsultingwb.com\/asesoria-juridico-laboral\/#breadcrumb","itemListElement":[{"@type":"ListItem","position":1,"name":"Portada","item":"https:\/\/www.diagonalconsultingwb.com\/"},{"@type":"ListItem","position":2,"name":"ASESOR\u00cdA JURIDICO LABORAL"}]},{"@type":"WebSite","@id":"https:\/\/www.diagonalconsultingwb.com\/#website","url":"https:\/\/www.diagonalconsultingwb.com\/","name":"Diagonal Consulting","description":"","publisher":{"@id":"https:\/\/www.diagonalconsultingwb.com\/#organization"},"potentialAction":[{"@type":"SearchAction","target":{"@type":"EntryPoint","urlTemplate":"https:\/\/www.diagonalconsultingwb.com\/?s={search_term_string}"},"query-input":{"@type":"PropertyValueSpecification","valueRequired":true,"valueName":"search_term_string"}}],"inLanguage":"en-GB"},{"@type":"Organization","@id":"https:\/\/www.diagonalconsultingwb.com\/#organization","name":"Diagonal Consulting","url":"https:\/\/www.diagonalconsultingwb.com\/","logo":{"@type":"ImageObject","inLanguage":"en-GB","@id":"https:\/\/www.diagonalconsultingwb.com\/#\/schema\/logo\/image\/","url":"","contentUrl":"","caption":"Diagonal Consulting"},"image":{"@id":"https:\/\/www.diagonalconsultingwb.com\/#\/schema\/logo\/image\/"}}]}},"_links":{"self":[{"href":"https:\/\/www.diagonalconsultingwb.com\/en\/wp-json\/wp\/v2\/pages\/1922"}],"collection":[{"href":"https:\/\/www.diagonalconsultingwb.com\/en\/wp-json\/wp\/v2\/pages"}],"about":[{"href":"https:\/\/www.diagonalconsultingwb.com\/en\/wp-json\/wp\/v2\/types\/page"}],"author":[{"embeddable":true,"href":"https:\/\/www.diagonalconsultingwb.com\/en\/wp-json\/wp\/v2\/users\/4"}],"replies":[{"embeddable":true,"href":"https:\/\/www.diagonalconsultingwb.com\/en\/wp-json\/wp\/v2\/comments?post=1922"}],"version-history":[{"count":25,"href":"https:\/\/www.diagonalconsultingwb.com\/en\/wp-json\/wp\/v2\/pages\/1922\/revisions"}],"predecessor-version":[{"id":1967,"href":"https:\/\/www.diagonalconsultingwb.com\/en\/wp-json\/wp\/v2\/pages\/1922\/revisions\/1967"}],"wp:attachment":[{"href":"https:\/\/www.diagonalconsultingwb.com\/en\/wp-json\/wp\/v2\/media?parent=1922"}],"curies":[{"name":"wp","href":"https:\/\/api.w.org\/{rel}","templated":true}]}}