{"id":30,"date":"2024-08-07T08:36:17","date_gmt":"2024-08-07T08:36:17","guid":{"rendered":"https:\/\/www.diagonalconsultingwb.com\/?page_id=30"},"modified":"2024-09-25T12:22:59","modified_gmt":"2024-09-25T10:22:59","slug":"compraventa-de-empresas","status":"publish","type":"page","link":"https:\/\/www.diagonalconsultingwb.com\/ca\/compraventa-de-empresas\/","title":{"rendered":"Compravenda d&#039;empreses"},"content":{"rendered":"<div data-elementor-type=\"wp-page\" data-elementor-id=\"30\" class=\"elementor elementor-30\" data-elementor-post-type=\"page\">\n\t\t\t\t\t\t<section class=\"elementor-section elementor-top-section elementor-element elementor-element-67234c9 elementor-section-height-min-height elementor-section-items-stretch elementor-section-content-middle elementor-section-boxed elementor-section-height-default\" data-id=\"67234c9\" data-element_type=\"section\" data-settings=\"{&quot;background_background&quot;:&quot;classic&quot;}\">\n\t\t\t\t\t\t\t<div class=\"elementor-background-overlay\"><\/div>\n\t\t\t\t\t\t\t<div class=\"elementor-container elementor-column-gap-default\">\n\t\t\t\t\t<div class=\"elementor-column elementor-col-100 elementor-top-column elementor-element elementor-element-1d99b7f\" data-id=\"1d99b7f\" data-element_type=\"column\">\n\t\t\t<div class=\"elementor-widget-wrap elementor-element-populated\">\n\t\t\t\t\t\t<div class=\"elementor-element elementor-element-c43d657 elementor-invisible elementor-widget elementor-widget-heading\" data-id=\"c43d657\" data-element_type=\"widget\" data-settings=\"{&quot;_animation&quot;:&quot;fadeInDown&quot;}\" data-widget_type=\"heading.default\">\n\t\t\t\t<div class=\"elementor-widget-container\">\n\t\t\t<style>\/*! elementor - v3.23.0 - 05-08-2024 *\/\n.elementor-heading-title{padding:0;margin:0;line-height:1}.elementor-widget-heading .elementor-heading-title[class*=elementor-size-]>a{color:inherit;font-size:inherit;line-height:inherit}.elementor-widget-heading .elementor-heading-title.elementor-size-small{font-size:15px}.elementor-widget-heading .elementor-heading-title.elementor-size-medium{font-size:19px}.elementor-widget-heading .elementor-heading-title.elementor-size-large{font-size:29px}.elementor-widget-heading .elementor-heading-title.elementor-size-xl{font-size:39px}.elementor-widget-heading .elementor-heading-title.elementor-size-xxl{font-size:59px}<\/style><h1 class=\"elementor-heading-title elementor-size-default\">Compravenda d&#039;empreses<\/h1>\t\t<\/div>\n\t\t\t\t<\/div>\n\t\t\t\t\t<\/div>\n\t\t<\/div>\n\t\t\t\t\t<\/div>\n\t\t<\/section>\n\t\t\t\t<section class=\"elementor-section elementor-top-section elementor-element elementor-element-32d8968 elementor-reverse-mobile elementor-reverse-tablet elementor-section-boxed elementor-section-height-default elementor-section-height-default\" data-id=\"32d8968\" data-element_type=\"section\">\n\t\t\t\t\t\t<div class=\"elementor-container elementor-column-gap-default\">\n\t\t\t\t\t<div class=\"elementor-column elementor-col-50 elementor-top-column elementor-element elementor-element-33ff32b elementor-invisible\" data-id=\"33ff32b\" data-element_type=\"column\" data-settings=\"{&quot;animation&quot;:&quot;fadeInDown&quot;}\">\n\t\t\t<div class=\"elementor-widget-wrap elementor-element-populated\">\n\t\t\t\t\t\t<div class=\"elementor-element elementor-element-745aa8e elementor-widget elementor-widget-image\" data-id=\"745aa8e\" data-element_type=\"widget\" data-widget_type=\"image.default\">\n\t\t\t\t<div class=\"elementor-widget-container\">\n\t\t\t\t\t\t\t\t\t\t\t\t\t<img fetchpriority=\"high\" decoding=\"async\" width=\"1920\" height=\"1080\" src=\"https:\/\/www.diagonalconsultingwb.com\/wp-content\/uploads\/2024\/09\/8-1.jpg\" class=\"attachment-full size-full wp-image-1896\" alt=\"\" srcset=\"https:\/\/www.diagonalconsultingwb.com\/wp-content\/uploads\/2024\/09\/8-1.jpg 1920w, https:\/\/www.diagonalconsultingwb.com\/wp-content\/uploads\/2024\/09\/8-1-300x169.jpg 300w, https:\/\/www.diagonalconsultingwb.com\/wp-content\/uploads\/2024\/09\/8-1-1024x576.jpg 1024w, https:\/\/www.diagonalconsultingwb.com\/wp-content\/uploads\/2024\/09\/8-1-768x432.jpg 768w, https:\/\/www.diagonalconsultingwb.com\/wp-content\/uploads\/2024\/09\/8-1-1536x864.jpg 1536w, https:\/\/www.diagonalconsultingwb.com\/wp-content\/uploads\/2024\/09\/8-1-18x10.jpg 18w\" sizes=\"(max-width: 1920px) 100vw, 1920px\" \/>\t\t\t\t\t\t\t\t\t\t\t\t\t<\/div>\n\t\t\t\t<\/div>\n\t\t\t\t\t<\/div>\n\t\t<\/div>\n\t\t\t\t<div class=\"elementor-column elementor-col-50 elementor-top-column elementor-element elementor-element-d63a7f2 elementor-invisible\" data-id=\"d63a7f2\" data-element_type=\"column\" data-settings=\"{&quot;animation&quot;:&quot;fadeInUp&quot;}\">\n\t\t\t<div class=\"elementor-widget-wrap elementor-element-populated\">\n\t\t\t\t\t\t<div class=\"elementor-element elementor-element-f3daa3d elementor-widget elementor-widget-text-editor\" data-id=\"f3daa3d\" data-element_type=\"widget\" data-widget_type=\"text-editor.default\">\n\t\t\t\t<div class=\"elementor-widget-container\">\n\t\t\t<style>\/*! elementor - v3.23.0 - 05-08-2024 *\/\n.elementor-widget-text-editor.elementor-drop-cap-view-stacked .elementor-drop-cap{background-color:#69727d;color:#fff}.elementor-widget-text-editor.elementor-drop-cap-view-framed .elementor-drop-cap{color:#69727d;border:3px solid;background-color:transparent}.elementor-widget-text-editor:not(.elementor-drop-cap-view-default) .elementor-drop-cap{margin-top:8px}.elementor-widget-text-editor:not(.elementor-drop-cap-view-default) .elementor-drop-cap-letter{width:1em;height:1em}.elementor-widget-text-editor .elementor-drop-cap{float:left;text-align:center;line-height:1;font-size:50px}.elementor-widget-text-editor .elementor-drop-cap-letter{display:inline-block}<\/style>\t\t\t\t<p><span style=\"font-weight: 400;\">Comprar o vendre una empresa \u00e9s una decisi\u00f3 important i et volem acompanyar perqu\u00e8 el resultat del proc\u00e9s sigui l&#039;esperat.\u00a0<\/span><\/p><p><span style=\"font-weight: 400;\">El nostre servei inclou la intermediaci\u00f3 de la venda o compra de la teva empresa. Realitzem una cerca segons les caracter\u00edstiques informades i realitzem els primers contactes. Si hi ha inter\u00e8s per ambdues parts, un cop assolits els acords, preparem la documentaci\u00f3 necess\u00e0ria i acompanyem el proc\u00e9s administratiu.\u00a0<\/span><\/p>\t\t\t\t\t\t<\/div>\n\t\t\t\t<\/div>\n\t\t\t\t\t<\/div>\n\t\t<\/div>\n\t\t\t\t\t<\/div>\n\t\t<\/section>\n\t\t\t\t<section class=\"elementor-section elementor-top-section elementor-element elementor-element-4598f34 elementor-section-full_width elementor-section-height-default elementor-section-height-default\" data-id=\"4598f34\" data-element_type=\"section\" data-settings=\"{&quot;background_background&quot;:&quot;classic&quot;}\">\n\t\t\t\t\t\t\t<div class=\"elementor-background-overlay\"><\/div>\n\t\t\t\t\t\t\t<div class=\"elementor-container elementor-column-gap-default\">\n\t\t\t\t\t<div class=\"elementor-column elementor-col-100 elementor-top-column elementor-element elementor-element-5f6336c\" data-id=\"5f6336c\" data-element_type=\"column\" data-settings=\"{&quot;background_background&quot;:&quot;classic&quot;}\">\n\t\t\t<div class=\"elementor-widget-wrap elementor-element-populated\">\n\t\t\t\t\t\t<section class=\"elementor-section elementor-inner-section elementor-element elementor-element-c0a9c3b elementor-section-boxed elementor-section-height-default elementor-section-height-default\" data-id=\"c0a9c3b\" data-element_type=\"section\">\n\t\t\t\t\t\t<div class=\"elementor-container elementor-column-gap-default\">\n\t\t\t\t\t<div class=\"elementor-column elementor-col-100 elementor-inner-column elementor-element elementor-element-959b5a1 elementor-invisible\" data-id=\"959b5a1\" data-element_type=\"column\" data-settings=\"{&quot;animation&quot;:&quot;fadeInUp&quot;}\">\n\t\t\t<div class=\"elementor-widget-wrap elementor-element-populated\">\n\t\t\t\t\t\t<div class=\"elementor-element elementor-element-081934b elementor-widget elementor-widget-heading\" data-id=\"081934b\" data-element_type=\"widget\" data-widget_type=\"heading.default\">\n\t\t\t\t<div class=\"elementor-widget-container\">\n\t\t\t<h2 class=\"elementor-heading-title elementor-size-default\">Contacti&#039;ns<\/h2>\t\t<\/div>\n\t\t\t\t<\/div>\n\t\t\t\t<div class=\"elementor-element elementor-element-d0b03a9 elementor-invisible elementor-widget elementor-widget-text-editor\" data-id=\"d0b03a9\" data-element_type=\"widget\" data-settings=\"{&quot;_animation&quot;:&quot;fadeInDown&quot;}\" data-widget_type=\"text-editor.default\">\n\t\t\t\t<div class=\"elementor-widget-container\">\n\t\t\t\t\t\t\t<p><span style=\"font-weight: 400;\">Descobriu com podem ajudar-vos a transformar la vostra empresa amb solucions a mida.<\/span><\/p>\t\t\t\t\t\t<\/div>\n\t\t\t\t<\/div>\n\t\t\t\t<div class=\"elementor-element elementor-element-ec6e286 elementor-tablet-align-center elementor-align-center elementor-widget elementor-widget-button\" data-id=\"ec6e286\" data-element_type=\"widget\" data-widget_type=\"button.default\">\n\t\t\t\t<div class=\"elementor-widget-container\">\n\t\t\t\t\t<div class=\"elementor-button-wrapper\">\n\t\t\t<a class=\"elementor-button elementor-button-link elementor-size-md elementor-animation-shrink\" href=\"https:\/\/www.diagonalconsultingwb.com\/ca\/contacto\/\">\n\t\t\t\t\t\t<span class=\"elementor-button-content-wrapper\">\n\t\t\t\t\t\t\t\t\t<span class=\"elementor-button-text\">Contacte<\/span>\n\t\t\t\t\t<\/span>\n\t\t\t\t\t<\/a>\n\t\t<\/div>\n\t\t\t\t<\/div>\n\t\t\t\t<\/div>\n\t\t\t\t\t<\/div>\n\t\t<\/div>\n\t\t\t\t\t<\/div>\n\t\t<\/section>\n\t\t\t\t\t<\/div>\n\t\t<\/div>\n\t\t\t\t\t<\/div>\n\t\t<\/section>\n\t\t\t\t<\/div>","protected":false},"excerpt":{"rendered":"<p>Compravenda d&#039;empreses Comprar o vendre una empresa \u00e9s una decisi\u00f3 important i et volem acompanyar perqu\u00e8 el resultat del proc\u00e9s sigui l&#039;esperat. El nostre servei inclou la intermediaci\u00f3 de la venda o compra de la teva empresa. Realitzem una cerca segons les caracter\u00edstiques informades i realitzem els primers contactes. Si hi ha inter\u00e8s per les dues parts, [\u2026]<\/p>","protected":false},"author":1,"featured_media":0,"parent":0,"menu_order":0,"comment_status":"closed","ping_status":"closed","template":"elementor_header_footer","meta":{"footnotes":""},"class_list":["post-30","page","type-page","status-publish","hentry"],"yoast_head":"<!-- This site is optimized with the Yoast SEO plugin v23.7 - https:\/\/yoast.com\/wordpress\/plugins\/seo\/ -->\n<title>Compraventa de empresas - Diagonal Consulting<\/title>\n<meta name=\"robots\" content=\"index, follow, max-snippet:-1, max-image-preview:large, max-video-preview:-1\" \/>\n<link rel=\"canonical\" href=\"https:\/\/www.diagonalconsultingwb.com\/ca\/compraventa-de-empresas\/\" \/>\n<meta property=\"og:locale\" content=\"ca_ES\" \/>\n<meta property=\"og:type\" content=\"article\" \/>\n<meta property=\"og:title\" content=\"Compraventa de empresas - Diagonal Consulting\" \/>\n<meta property=\"og:description\" content=\"Compraventa de empresas Comprar o vender una empresa es una decisi\u00f3n importante y queremos acompa\u00f1arte para que el resultado del proceso sea el esperado.\u00a0 Nuestro servicio incluye la intermediaci\u00f3n de la venta o compra de tu empresa. Realizamos una b\u00fasqueda seg\u00fan las caracter\u00edsticas informadas y realizamos los primeros contactos. Si hay inter\u00e9s por ambas partes, [&hellip;]\" \/>\n<meta property=\"og:url\" content=\"https:\/\/www.diagonalconsultingwb.com\/ca\/compraventa-de-empresas\/\" \/>\n<meta property=\"og:site_name\" content=\"Diagonal Consulting\" \/>\n<meta property=\"article:modified_time\" content=\"2024-09-25T10:22:59+00:00\" \/>\n<meta property=\"og:image\" content=\"https:\/\/www.diagonalconsultingwb.com\/wp-content\/uploads\/2024\/09\/8-1.jpg\" \/>\n\t<meta property=\"og:image:width\" content=\"1920\" \/>\n\t<meta property=\"og:image:height\" content=\"1080\" \/>\n\t<meta property=\"og:image:type\" content=\"image\/jpeg\" \/>\n<meta name=\"twitter:card\" content=\"summary_large_image\" \/>\n<script type=\"application\/ld+json\" class=\"yoast-schema-graph\">{\"@context\":\"https:\/\/schema.org\",\"@graph\":[{\"@type\":\"WebPage\",\"@id\":\"https:\/\/www.diagonalconsultingwb.com\/compraventa-de-empresas\/\",\"url\":\"https:\/\/www.diagonalconsultingwb.com\/compraventa-de-empresas\/\",\"name\":\"Compraventa de empresas - Diagonal Consulting\",\"isPartOf\":{\"@id\":\"https:\/\/www.diagonalconsultingwb.com\/#website\"},\"primaryImageOfPage\":{\"@id\":\"https:\/\/www.diagonalconsultingwb.com\/compraventa-de-empresas\/#primaryimage\"},\"image\":{\"@id\":\"https:\/\/www.diagonalconsultingwb.com\/compraventa-de-empresas\/#primaryimage\"},\"thumbnailUrl\":\"https:\/\/www.diagonalconsultingwb.com\/wp-content\/uploads\/2024\/09\/8-1.jpg\",\"datePublished\":\"2024-08-07T08:36:17+00:00\",\"dateModified\":\"2024-09-25T10:22:59+00:00\",\"breadcrumb\":{\"@id\":\"https:\/\/www.diagonalconsultingwb.com\/compraventa-de-empresas\/#breadcrumb\"},\"inLanguage\":\"ca\",\"potentialAction\":[{\"@type\":\"ReadAction\",\"target\":[\"https:\/\/www.diagonalconsultingwb.com\/compraventa-de-empresas\/\"]}]},{\"@type\":\"ImageObject\",\"inLanguage\":\"ca\",\"@id\":\"https:\/\/www.diagonalconsultingwb.com\/compraventa-de-empresas\/#primaryimage\",\"url\":\"https:\/\/www.diagonalconsultingwb.com\/wp-content\/uploads\/2024\/09\/8-1.jpg\",\"contentUrl\":\"https:\/\/www.diagonalconsultingwb.com\/wp-content\/uploads\/2024\/09\/8-1.jpg\"},{\"@type\":\"BreadcrumbList\",\"@id\":\"https:\/\/www.diagonalconsultingwb.com\/compraventa-de-empresas\/#breadcrumb\",\"itemListElement\":[{\"@type\":\"ListItem\",\"position\":1,\"name\":\"Portada\",\"item\":\"https:\/\/www.diagonalconsultingwb.com\/\"},{\"@type\":\"ListItem\",\"position\":2,\"name\":\"Compraventa de empresas\"}]},{\"@type\":\"WebSite\",\"@id\":\"https:\/\/www.diagonalconsultingwb.com\/#website\",\"url\":\"https:\/\/www.diagonalconsultingwb.com\/\",\"name\":\"Diagonal Consulting\",\"description\":\"\",\"publisher\":{\"@id\":\"https:\/\/www.diagonalconsultingwb.com\/#organization\"},\"potentialAction\":[{\"@type\":\"SearchAction\",\"target\":{\"@type\":\"EntryPoint\",\"urlTemplate\":\"https:\/\/www.diagonalconsultingwb.com\/?s={search_term_string}\"},\"query-input\":{\"@type\":\"PropertyValueSpecification\",\"valueRequired\":true,\"valueName\":\"search_term_string\"}}],\"inLanguage\":\"ca\"},{\"@type\":\"Organization\",\"@id\":\"https:\/\/www.diagonalconsultingwb.com\/#organization\",\"name\":\"Diagonal Consulting\",\"url\":\"https:\/\/www.diagonalconsultingwb.com\/\",\"logo\":{\"@type\":\"ImageObject\",\"inLanguage\":\"ca\",\"@id\":\"https:\/\/www.diagonalconsultingwb.com\/#\/schema\/logo\/image\/\",\"url\":\"\",\"contentUrl\":\"\",\"caption\":\"Diagonal Consulting\"},\"image\":{\"@id\":\"https:\/\/www.diagonalconsultingwb.com\/#\/schema\/logo\/image\/\"}}]}<\/script>\n<!-- \/ Yoast SEO plugin. -->","yoast_head_json":{"title":"Compraventa de empresas - Diagonal Consulting","robots":{"index":"index","follow":"follow","max-snippet":"max-snippet:-1","max-image-preview":"max-image-preview:large","max-video-preview":"max-video-preview:-1"},"canonical":"https:\/\/www.diagonalconsultingwb.com\/ca\/compraventa-de-empresas\/","og_locale":"ca_ES","og_type":"article","og_title":"Compraventa de empresas - Diagonal Consulting","og_description":"Compraventa de empresas Comprar o vender una empresa es una decisi\u00f3n importante y queremos acompa\u00f1arte para que el resultado del proceso sea el esperado.\u00a0 Nuestro servicio incluye la intermediaci\u00f3n de la venta o compra de tu empresa. Realizamos una b\u00fasqueda seg\u00fan las caracter\u00edsticas informadas y realizamos los primeros contactos. Si hay inter\u00e9s por ambas partes, [&hellip;]","og_url":"https:\/\/www.diagonalconsultingwb.com\/ca\/compraventa-de-empresas\/","og_site_name":"Diagonal Consulting","article_modified_time":"2024-09-25T10:22:59+00:00","og_image":[{"width":1920,"height":1080,"url":"https:\/\/www.diagonalconsultingwb.com\/wp-content\/uploads\/2024\/09\/8-1.jpg","type":"image\/jpeg"}],"twitter_card":"summary_large_image","schema":{"@context":"https:\/\/schema.org","@graph":[{"@type":"WebPage","@id":"https:\/\/www.diagonalconsultingwb.com\/compraventa-de-empresas\/","url":"https:\/\/www.diagonalconsultingwb.com\/compraventa-de-empresas\/","name":"Compraventa de empresas - Diagonal Consulting","isPartOf":{"@id":"https:\/\/www.diagonalconsultingwb.com\/#website"},"primaryImageOfPage":{"@id":"https:\/\/www.diagonalconsultingwb.com\/compraventa-de-empresas\/#primaryimage"},"image":{"@id":"https:\/\/www.diagonalconsultingwb.com\/compraventa-de-empresas\/#primaryimage"},"thumbnailUrl":"https:\/\/www.diagonalconsultingwb.com\/wp-content\/uploads\/2024\/09\/8-1.jpg","datePublished":"2024-08-07T08:36:17+00:00","dateModified":"2024-09-25T10:22:59+00:00","breadcrumb":{"@id":"https:\/\/www.diagonalconsultingwb.com\/compraventa-de-empresas\/#breadcrumb"},"inLanguage":"ca","potentialAction":[{"@type":"ReadAction","target":["https:\/\/www.diagonalconsultingwb.com\/compraventa-de-empresas\/"]}]},{"@type":"ImageObject","inLanguage":"ca","@id":"https:\/\/www.diagonalconsultingwb.com\/compraventa-de-empresas\/#primaryimage","url":"https:\/\/www.diagonalconsultingwb.com\/wp-content\/uploads\/2024\/09\/8-1.jpg","contentUrl":"https:\/\/www.diagonalconsultingwb.com\/wp-content\/uploads\/2024\/09\/8-1.jpg"},{"@type":"BreadcrumbList","@id":"https:\/\/www.diagonalconsultingwb.com\/compraventa-de-empresas\/#breadcrumb","itemListElement":[{"@type":"ListItem","position":1,"name":"Portada","item":"https:\/\/www.diagonalconsultingwb.com\/"},{"@type":"ListItem","position":2,"name":"Compraventa de empresas"}]},{"@type":"WebSite","@id":"https:\/\/www.diagonalconsultingwb.com\/#website","url":"https:\/\/www.diagonalconsultingwb.com\/","name":"Diagonal Consulting","description":"","publisher":{"@id":"https:\/\/www.diagonalconsultingwb.com\/#organization"},"potentialAction":[{"@type":"SearchAction","target":{"@type":"EntryPoint","urlTemplate":"https:\/\/www.diagonalconsultingwb.com\/?s={search_term_string}"},"query-input":{"@type":"PropertyValueSpecification","valueRequired":true,"valueName":"search_term_string"}}],"inLanguage":"ca"},{"@type":"Organization","@id":"https:\/\/www.diagonalconsultingwb.com\/#organization","name":"Diagonal Consulting","url":"https:\/\/www.diagonalconsultingwb.com\/","logo":{"@type":"ImageObject","inLanguage":"ca","@id":"https:\/\/www.diagonalconsultingwb.com\/#\/schema\/logo\/image\/","url":"","contentUrl":"","caption":"Diagonal Consulting"},"image":{"@id":"https:\/\/www.diagonalconsultingwb.com\/#\/schema\/logo\/image\/"}}]}},"_links":{"self":[{"href":"https:\/\/www.diagonalconsultingwb.com\/ca\/wp-json\/wp\/v2\/pages\/30"}],"collection":[{"href":"https:\/\/www.diagonalconsultingwb.com\/ca\/wp-json\/wp\/v2\/pages"}],"about":[{"href":"https:\/\/www.diagonalconsultingwb.com\/ca\/wp-json\/wp\/v2\/types\/page"}],"author":[{"embeddable":true,"href":"https:\/\/www.diagonalconsultingwb.com\/ca\/wp-json\/wp\/v2\/users\/1"}],"replies":[{"embeddable":true,"href":"https:\/\/www.diagonalconsultingwb.com\/ca\/wp-json\/wp\/v2\/comments?post=30"}],"version-history":[{"count":186,"href":"https:\/\/www.diagonalconsultingwb.com\/ca\/wp-json\/wp\/v2\/pages\/30\/revisions"}],"predecessor-version":[{"id":1911,"href":"https:\/\/www.diagonalconsultingwb.com\/ca\/wp-json\/wp\/v2\/pages\/30\/revisions\/1911"}],"wp:attachment":[{"href":"https:\/\/www.diagonalconsultingwb.com\/ca\/wp-json\/wp\/v2\/media?parent=30"}],"curies":[{"name":"wp","href":"https:\/\/api.w.org\/{rel}","templated":true}]}}